{"id":7,"date":"2020-12-16T07:36:53","date_gmt":"2020-12-16T07:36:53","guid":{"rendered":"http:\/\/itimisoara.ro\/?page_id=7"},"modified":"2020-12-17T07:52:02","modified_gmt":"2020-12-17T07:52:02","slug":"home","status":"publish","type":"page","link":"https:\/\/itimisoara.ro\/","title":{"rendered":"Home"},"content":{"rendered":"\t\t<div data-elementor-type=\"wp-page\" data-elementor-id=\"7\" class=\"elementor elementor-7\" data-elementor-settings=\"[]\">\n\t\t\t\t\t\t<div class=\"elementor-inner\">\n\t\t\t\t\t\t\t<div class=\"elementor-section-wrap\">\n\t\t\t\t\t\t\t<section class=\"elementor-section elementor-top-section elementor-element elementor-element-84593d4 elementor-section-full_width elementor-section-height-full elementor-section-stretched elementor-section-height-default elementor-section-items-middle qodef-elementor-content-no\" data-id=\"84593d4\" data-element_type=\"section\" data-settings=\"{&quot;stretch_section&quot;:&quot;section-stretched&quot;,&quot;background_background&quot;:&quot;classic&quot;}\">\n\t\t\t\t\t\t\t<div class=\"elementor-background-overlay\"><\/div>\n\t\t\t\t\t\t\t<div class=\"elementor-container elementor-column-gap-default\">\n\t\t\t\t\t\t\t<div class=\"elementor-row\">\n\t\t\t\t\t<div class=\"elementor-column elementor-col-100 elementor-top-column elementor-element elementor-element-9cfc80c\" data-id=\"9cfc80c\" data-element_type=\"column\">\n\t\t\t<div class=\"elementor-column-wrap elementor-element-populated\">\n\t\t\t\t\t\t\t<div class=\"elementor-widget-wrap\">\n\t\t\t\t\t\t<section class=\"elementor-section elementor-inner-section elementor-element elementor-element-d25aca4 elementor-section-boxed elementor-section-height-default elementor-section-height-default qodef-elementor-content-no\" data-id=\"d25aca4\" data-element_type=\"section\">\n\t\t\t\t\t\t<div class=\"elementor-container elementor-column-gap-default\">\n\t\t\t\t\t\t\t<div class=\"elementor-row\">\n\t\t\t\t\t<div class=\"elementor-column elementor-col-100 elementor-inner-column elementor-element elementor-element-d4e07ea\" data-id=\"d4e07ea\" data-element_type=\"column\">\n\t\t\t<div class=\"elementor-column-wrap elementor-element-populated\">\n\t\t\t\t\t\t\t<div class=\"elementor-widget-wrap\">\n\t\t\t\t\t\t<div class=\"elementor-element elementor-element-9655be0 elementor-widget elementor-widget-image\" data-id=\"9655be0\" data-element_type=\"widget\" data-widget_type=\"image.default\">\n\t\t\t\t<div class=\"elementor-widget-container\">\n\t\t\t\t\t<div class=\"elementor-image\">\n\t\t\t\t\t\t\t\t\t\t<img width=\"300\" height=\"106\" src=\"https:\/\/itimisoara.ro\/wp-content\/uploads\/2020\/12\/Logo-01-300x106.png\" class=\"attachment-medium size-medium\" alt=\"\" loading=\"lazy\" srcset=\"https:\/\/itimisoara.ro\/wp-content\/uploads\/2020\/12\/Logo-01-300x106.png 300w, https:\/\/itimisoara.ro\/wp-content\/uploads\/2020\/12\/Logo-01-1024x361.png 1024w, https:\/\/itimisoara.ro\/wp-content\/uploads\/2020\/12\/Logo-01-768x271.png 768w, https:\/\/itimisoara.ro\/wp-content\/uploads\/2020\/12\/Logo-01-1536x542.png 1536w, https:\/\/itimisoara.ro\/wp-content\/uploads\/2020\/12\/Logo-01.png 1754w\" sizes=\"(max-width: 300px) 100vw, 300px\" \/>\t\t\t\t\t\t\t\t\t\t\t<\/div>\n\t\t\t\t<\/div>\n\t\t\t\t<\/div>\n\t\t\t\t<div class=\"elementor-element elementor-element-48359e3 elementor-widget elementor-widget-spacer\" data-id=\"48359e3\" data-element_type=\"widget\" data-widget_type=\"spacer.default\">\n\t\t\t\t<div class=\"elementor-widget-container\">\n\t\t\t\t\t<div class=\"elementor-spacer\">\n\t\t\t<div class=\"elementor-spacer-inner\"><\/div>\n\t\t<\/div>\n\t\t\t\t<\/div>\n\t\t\t\t<\/div>\n\t\t\t\t<div class=\"elementor-element elementor-element-9a97f6a elementor-widget elementor-widget-pelicula_core_section_title\" data-id=\"9a97f6a\" data-element_type=\"widget\" data-widget_type=\"pelicula_core_section_title.default\">\n\t\t\t\t<div class=\"elementor-widget-container\">\n\t\t\t<div class=\"qodef-shortcode qodef-m  qodef-section-title qodef-alignment--center \" data-holder-options=\"{&quot;line-breaks&quot;:&quot;&quot;}\">\n\t\t\t<h3 class=\"qodef-m-title\" style=\"color: #FFFFFF\">\n\t\t\t\t\tDespre noi\t\t\t<\/h3>\n\t\t<p class=\"qodef-m-text\" style=\"color: #FFFFFF\">Asocia\u021bia Iubesc Timi\u0219oara a fost conceput\u0103 ca ONG care s\u0103 reaminteasc\u0103, prin proiectele ei, De ce iubim Timi\u0219oara! \u0218tim c\u0103 de multe ori se face exces de zel \u00een ceea ce prive\u0219te \u201dap\u0103rarea\u201d ora\u0219ului \u00een fa\u021ba \u201dinvadatorilor\u201d care tulbur\u0103 apele. Noi suntem de p\u0103rere c\u0103 prin proiectele pe care le dezvolt\u0103m cre\u0103m o echip\u0103, integr\u0103m persoanele provenite din alte jude\u021be \u0219i le ar\u0103t\u0103m c\u0103 avem at\u00e2t de multe motive pentru a iubi Timi\u0219oara \u0219i pentru a face tot ce e mai bun pentru ea.<\/p>\n<\/div>\t\t<\/div>\n\t\t\t\t<\/div>\n\t\t\t\t\t\t<\/div>\n\t\t\t\t\t<\/div>\n\t\t<\/div>\n\t\t\t\t\t\t\t\t<\/div>\n\t\t\t\t\t<\/div>\n\t\t<\/section>\n\t\t\t\t<div class=\"elementor-element elementor-element-4f39aec elementor-widget elementor-widget-spacer\" data-id=\"4f39aec\" data-element_type=\"widget\" data-widget_type=\"spacer.default\">\n\t\t\t\t<div class=\"elementor-widget-container\">\n\t\t\t\t\t<div class=\"elementor-spacer\">\n\t\t\t<div class=\"elementor-spacer-inner\"><\/div>\n\t\t<\/div>\n\t\t\t\t<\/div>\n\t\t\t\t<\/div>\n\t\t\t\t<section class=\"elementor-section elementor-inner-section elementor-element elementor-element-7a94eda elementor-section-boxed elementor-section-height-default elementor-section-height-default qodef-elementor-content-no\" data-id=\"7a94eda\" data-element_type=\"section\">\n\t\t\t\t\t\t<div class=\"elementor-container elementor-column-gap-default\">\n\t\t\t\t\t\t\t<div class=\"elementor-row\">\n\t\t\t\t\t<div class=\"elementor-column elementor-col-33 elementor-inner-column elementor-element elementor-element-970df42\" data-id=\"970df42\" data-element_type=\"column\">\n\t\t\t<div class=\"elementor-column-wrap elementor-element-populated\">\n\t\t\t\t\t\t\t<div class=\"elementor-widget-wrap\">\n\t\t\t\t\t\t<div class=\"elementor-element elementor-element-ed6e3df elementor-widget elementor-widget-image\" data-id=\"ed6e3df\" data-element_type=\"widget\" data-widget_type=\"image.default\">\n\t\t\t\t<div class=\"elementor-widget-container\">\n\t\t\t\t\t<div class=\"elementor-image\">\n\t\t\t\t\t\t\t\t\t\t<img width=\"1024\" height=\"576\" src=\"https:\/\/itimisoara.ro\/wp-content\/uploads\/2020\/12\/Bannere1b-1024x576.png\" class=\"attachment-large size-large\" alt=\"\" loading=\"lazy\" srcset=\"https:\/\/itimisoara.ro\/wp-content\/uploads\/2020\/12\/Bannere1b-1024x576.png 1024w, https:\/\/itimisoara.ro\/wp-content\/uploads\/2020\/12\/Bannere1b-300x169.png 300w, https:\/\/itimisoara.ro\/wp-content\/uploads\/2020\/12\/Bannere1b-768x432.png 768w, https:\/\/itimisoara.ro\/wp-content\/uploads\/2020\/12\/Bannere1b-1536x864.png 1536w, https:\/\/itimisoara.ro\/wp-content\/uploads\/2020\/12\/Bannere1b.png 1920w\" sizes=\"(max-width: 1024px) 100vw, 1024px\" \/>\t\t\t\t\t\t\t\t\t\t\t<\/div>\n\t\t\t\t<\/div>\n\t\t\t\t<\/div>\n\t\t\t\t<div class=\"elementor-element elementor-element-d5a1c8f elementor-widget elementor-widget-pelicula_core_section_title\" data-id=\"d5a1c8f\" data-element_type=\"widget\" data-widget_type=\"pelicula_core_section_title.default\">\n\t\t\t\t<div class=\"elementor-widget-container\">\n\t\t\t<div class=\"qodef-shortcode qodef-m  qodef-section-title qodef-alignment--center \" data-holder-options=\"{&quot;line-breaks&quot;:&quot;&quot;}\">\n\t\t<h6 class=\"qodef-m-tagline\" style=\"color: #FFFFFF\">\n\t\tFILMUL\t<\/h6>\n\t\t<h3 class=\"qodef-m-title\" style=\"color: #FFFFFF\">\n\t\t\t\t\tIUBESC TIMI\u0218OARA\t\t\t<\/h3>\n\t<\/div>\t\t<\/div>\n\t\t\t\t<\/div>\n\t\t\t\t<div class=\"elementor-element elementor-element-af3b986 elementor-align-center elementor-widget elementor-widget-button\" data-id=\"af3b986\" data-element_type=\"widget\" data-widget_type=\"button.default\">\n\t\t\t\t<div class=\"elementor-widget-container\">\n\t\t\t\t\t<div class=\"elementor-button-wrapper\">\n\t\t\t<a href=\"http:\/\/www.iubesctimisoara.com\" class=\"elementor-button-link elementor-button elementor-size-lg\" role=\"button\">\n\t\t\t\t\t\t<span class=\"elementor-button-content-wrapper\">\n\t\t\t\t\t\t<span class=\"elementor-button-text\">WEBSITE<\/span>\n\t\t<\/span>\n\t\t\t\t\t<\/a>\n\t\t<\/div>\n\t\t\t\t<\/div>\n\t\t\t\t<\/div>\n\t\t\t\t\t\t<\/div>\n\t\t\t\t\t<\/div>\n\t\t<\/div>\n\t\t\t\t<div class=\"elementor-column elementor-col-33 elementor-inner-column elementor-element elementor-element-af0af6e\" data-id=\"af0af6e\" data-element_type=\"column\">\n\t\t\t<div class=\"elementor-column-wrap elementor-element-populated\">\n\t\t\t\t\t\t\t<div class=\"elementor-widget-wrap\">\n\t\t\t\t\t\t<div class=\"elementor-element elementor-element-972d4a6 elementor-widget elementor-widget-image\" data-id=\"972d4a6\" data-element_type=\"widget\" data-widget_type=\"image.default\">\n\t\t\t\t<div class=\"elementor-widget-container\">\n\t\t\t\t\t<div class=\"elementor-image\">\n\t\t\t\t\t\t\t\t\t\t<img width=\"1024\" height=\"576\" src=\"https:\/\/itimisoara.ro\/wp-content\/uploads\/2020\/12\/Bannere2a-1024x576.png\" class=\"attachment-large size-large\" alt=\"\" loading=\"lazy\" srcset=\"https:\/\/itimisoara.ro\/wp-content\/uploads\/2020\/12\/Bannere2a-1024x576.png 1024w, https:\/\/itimisoara.ro\/wp-content\/uploads\/2020\/12\/Bannere2a-300x169.png 300w, https:\/\/itimisoara.ro\/wp-content\/uploads\/2020\/12\/Bannere2a-768x432.png 768w, https:\/\/itimisoara.ro\/wp-content\/uploads\/2020\/12\/Bannere2a-1536x864.png 1536w, https:\/\/itimisoara.ro\/wp-content\/uploads\/2020\/12\/Bannere2a.png 1920w\" sizes=\"(max-width: 1024px) 100vw, 1024px\" \/>\t\t\t\t\t\t\t\t\t\t\t<\/div>\n\t\t\t\t<\/div>\n\t\t\t\t<\/div>\n\t\t\t\t<div class=\"elementor-element elementor-element-56d4dad elementor-widget elementor-widget-pelicula_core_section_title\" data-id=\"56d4dad\" data-element_type=\"widget\" data-widget_type=\"pelicula_core_section_title.default\">\n\t\t\t\t<div class=\"elementor-widget-container\">\n\t\t\t<div class=\"qodef-shortcode qodef-m  qodef-section-title qodef-alignment--center \" data-holder-options=\"{&quot;line-breaks&quot;:&quot;&quot;}\">\n\t\t<h6 class=\"qodef-m-tagline\" style=\"color: #FFFFFF\">\n\t\tFESTIVAL DE TEATRU\t<\/h6>\n\t\t<h3 class=\"qodef-m-title\" style=\"color: #FFFFFF\">\n\t\t\t\t\tTIFT\t\t\t<\/h3>\n\t<\/div>\t\t<\/div>\n\t\t\t\t<\/div>\n\t\t\t\t<div class=\"elementor-element elementor-element-eaabd01 elementor-align-center elementor-widget elementor-widget-button\" data-id=\"eaabd01\" data-element_type=\"widget\" data-widget_type=\"button.default\">\n\t\t\t\t<div class=\"elementor-widget-container\">\n\t\t\t\t\t<div class=\"elementor-button-wrapper\">\n\t\t\t<a href=\"http:\/\/www.tift.ro\" class=\"elementor-button-link elementor-button elementor-size-lg\" role=\"button\">\n\t\t\t\t\t\t<span class=\"elementor-button-content-wrapper\">\n\t\t\t\t\t\t<span class=\"elementor-button-text\">WEBSITE<\/span>\n\t\t<\/span>\n\t\t\t\t\t<\/a>\n\t\t<\/div>\n\t\t\t\t<\/div>\n\t\t\t\t<\/div>\n\t\t\t\t\t\t<\/div>\n\t\t\t\t\t<\/div>\n\t\t<\/div>\n\t\t\t\t<div class=\"elementor-column elementor-col-33 elementor-inner-column elementor-element elementor-element-4498729\" data-id=\"4498729\" data-element_type=\"column\">\n\t\t\t<div class=\"elementor-column-wrap elementor-element-populated\">\n\t\t\t\t\t\t\t<div class=\"elementor-widget-wrap\">\n\t\t\t\t\t\t<div class=\"elementor-element elementor-element-daade69 elementor-widget elementor-widget-image\" data-id=\"daade69\" data-element_type=\"widget\" data-widget_type=\"image.default\">\n\t\t\t\t<div class=\"elementor-widget-container\">\n\t\t\t\t\t<div class=\"elementor-image\">\n\t\t\t\t\t\t\t\t\t\t<img width=\"1024\" height=\"576\" src=\"https:\/\/itimisoara.ro\/wp-content\/uploads\/2020\/12\/Bannere3-1024x576.png\" class=\"attachment-large size-large\" alt=\"\" loading=\"lazy\" srcset=\"https:\/\/itimisoara.ro\/wp-content\/uploads\/2020\/12\/Bannere3-1024x576.png 1024w, https:\/\/itimisoara.ro\/wp-content\/uploads\/2020\/12\/Bannere3-300x169.png 300w, https:\/\/itimisoara.ro\/wp-content\/uploads\/2020\/12\/Bannere3-768x432.png 768w, https:\/\/itimisoara.ro\/wp-content\/uploads\/2020\/12\/Bannere3-1536x864.png 1536w, https:\/\/itimisoara.ro\/wp-content\/uploads\/2020\/12\/Bannere3.png 1920w\" sizes=\"(max-width: 1024px) 100vw, 1024px\" \/>\t\t\t\t\t\t\t\t\t\t\t<\/div>\n\t\t\t\t<\/div>\n\t\t\t\t<\/div>\n\t\t\t\t<div class=\"elementor-element elementor-element-20c5557 elementor-widget elementor-widget-pelicula_core_section_title\" data-id=\"20c5557\" data-element_type=\"widget\" data-widget_type=\"pelicula_core_section_title.default\">\n\t\t\t\t<div class=\"elementor-widget-container\">\n\t\t\t<div class=\"qodef-shortcode qodef-m  qodef-section-title qodef-alignment--center \" data-holder-options=\"{&quot;line-breaks&quot;:&quot;&quot;}\">\n\t\t<h6 class=\"qodef-m-tagline\" style=\"color: #FFFFFF\">\n\t\tTURURI GHIDATE\t<\/h6>\n\t\t<h3 class=\"qodef-m-title\" style=\"color: #FFFFFF\">\n\t\t\t\t\tDESCOPER\u0102 TIMI\u0218OARA\t\t\t<\/h3>\n\t<\/div>\t\t<\/div>\n\t\t\t\t<\/div>\n\t\t\t\t<div class=\"elementor-element elementor-element-15f01d6 elementor-align-center elementor-widget elementor-widget-button\" data-id=\"15f01d6\" data-element_type=\"widget\" data-widget_type=\"button.default\">\n\t\t\t\t<div class=\"elementor-widget-container\">\n\t\t\t\t\t<div class=\"elementor-button-wrapper\">\n\t\t\t<a href=\"http:\/\/www.descoperatimisoara.ro\" class=\"elementor-button-link elementor-button elementor-size-lg\" role=\"button\">\n\t\t\t\t\t\t<span class=\"elementor-button-content-wrapper\">\n\t\t\t\t\t\t<span class=\"elementor-button-text\">WEBSITE<\/span>\n\t\t<\/span>\n\t\t\t\t\t<\/a>\n\t\t<\/div>\n\t\t\t\t<\/div>\n\t\t\t\t<\/div>\n\t\t\t\t\t\t<\/div>\n\t\t\t\t\t<\/div>\n\t\t<\/div>\n\t\t\t\t\t\t\t\t<\/div>\n\t\t\t\t\t<\/div>\n\t\t<\/section>\n\t\t\t\t<div class=\"elementor-element elementor-element-0918f65 elementor-widget elementor-widget-spacer\" data-id=\"0918f65\" data-element_type=\"widget\" data-widget_type=\"spacer.default\">\n\t\t\t\t<div class=\"elementor-widget-container\">\n\t\t\t\t\t<div class=\"elementor-spacer\">\n\t\t\t<div class=\"elementor-spacer-inner\"><\/div>\n\t\t<\/div>\n\t\t\t\t<\/div>\n\t\t\t\t<\/div>\n\t\t\t\t<div class=\"elementor-element elementor-element-6e3ee8e elementor-widget elementor-widget-spacer\" data-id=\"6e3ee8e\" data-element_type=\"widget\" data-widget_type=\"spacer.default\">\n\t\t\t\t<div class=\"elementor-widget-container\">\n\t\t\t\t\t<div class=\"elementor-spacer\">\n\t\t\t<div class=\"elementor-spacer-inner\"><\/div>\n\t\t<\/div>\n\t\t\t\t<\/div>\n\t\t\t\t<\/div>\n\t\t\t\t<div class=\"elementor-element elementor-element-1e4a42b elementor-widget elementor-widget-image\" data-id=\"1e4a42b\" data-element_type=\"widget\" data-widget_type=\"image.default\">\n\t\t\t\t<div class=\"elementor-widget-container\">\n\t\t\t\t\t<div class=\"elementor-image\">\n\t\t\t\t\t\t\t\t\t\t<img width=\"316\" height=\"50\" src=\"https:\/\/itimisoara.ro\/wp-content\/uploads\/2020\/12\/rd2.png\" class=\"attachment-medium_large size-medium_large\" alt=\"\" loading=\"lazy\" srcset=\"https:\/\/itimisoara.ro\/wp-content\/uploads\/2020\/12\/rd2.png 316w, https:\/\/itimisoara.ro\/wp-content\/uploads\/2020\/12\/rd2-300x47.png 300w\" sizes=\"(max-width: 316px) 100vw, 316px\" \/>\t\t\t\t\t\t\t\t\t\t\t<\/div>\n\t\t\t\t<\/div>\n\t\t\t\t<\/div>\n\t\t\t\t<div class=\"elementor-element elementor-element-12df7cf elementor-widget elementor-widget-pelicula_core_section_title\" data-id=\"12df7cf\" data-element_type=\"widget\" data-widget_type=\"pelicula_core_section_title.default\">\n\t\t\t\t<div class=\"elementor-widget-container\">\n\t\t\t<div class=\"qodef-shortcode qodef-m  qodef-section-title qodef-alignment--center \" data-holder-options=\"{&quot;line-breaks&quot;:&quot;&quot;}\">\n\t\t\t\t<p class=\"qodef-m-text\" style=\"color: #FFFFFF\">contact@itimisoara.ro   \u2022   0752 806 143   \u2022   Strada Arie\u0219 nr 19, 120b<\/p>\n<\/div>\t\t<\/div>\n\t\t\t\t<\/div>\n\t\t\t\t\t\t<\/div>\n\t\t\t\t\t<\/div>\n\t\t<\/div>\n\t\t\t\t\t\t\t\t<\/div>\n\t\t\t\t\t<\/div>\n\t\t<\/section>\n\t\t\t\t\t\t<\/div>\n\t\t\t\t\t\t<\/div>\n\t\t\t\t\t<\/div>\n\t\t","protected":false},"excerpt":{"rendered":"<p>Despre noi Asocia\u021bia Iubesc Timi\u0219oara a fost conceput\u0103 ca ONG care s\u0103 reaminteasc\u0103, prin proiectele ei, De ce iubim Timi\u0219oara! \u0218tim c\u0103 de multe ori se face exces de zel \u00een ceea ce prive\u0219te \u201dap\u0103rarea\u201d ora\u0219ului \u00een fa\u021ba \u201dinvadatorilor\u201d care tulbur\u0103 apele. Noi suntem de p\u0103rere c\u0103 prin proiectele pe care le dezvolt\u0103m cre\u0103m o [&hellip;]<\/p>\n","protected":false},"author":1,"featured_media":0,"parent":0,"menu_order":0,"comment_status":"closed","ping_status":"closed","template":"..\/public\/views\/revslider-page-template.php","meta":[],"_links":{"self":[{"href":"https:\/\/itimisoara.ro\/index.php\/wp-json\/wp\/v2\/pages\/7"}],"collection":[{"href":"https:\/\/itimisoara.ro\/index.php\/wp-json\/wp\/v2\/pages"}],"about":[{"href":"https:\/\/itimisoara.ro\/index.php\/wp-json\/wp\/v2\/types\/page"}],"author":[{"embeddable":true,"href":"https:\/\/itimisoara.ro\/index.php\/wp-json\/wp\/v2\/users\/1"}],"replies":[{"embeddable":true,"href":"https:\/\/itimisoara.ro\/index.php\/wp-json\/wp\/v2\/comments?post=7"}],"version-history":[{"count":169,"href":"https:\/\/itimisoara.ro\/index.php\/wp-json\/wp\/v2\/pages\/7\/revisions"}],"predecessor-version":[{"id":198,"href":"https:\/\/itimisoara.ro\/index.php\/wp-json\/wp\/v2\/pages\/7\/revisions\/198"}],"wp:attachment":[{"href":"https:\/\/itimisoara.ro\/index.php\/wp-json\/wp\/v2\/media?parent=7"}],"curies":[{"name":"wp","href":"https:\/\/api.w.org\/{rel}","templated":true}]}}